{"id":1961,"date":"2018-02-21T16:38:48","date_gmt":"2018-02-21T15:38:48","guid":{"rendered":"http:\/\/www.maebasinglecask.it\/?post_type=product&#038;p=1961"},"modified":"2021-09-27T12:58:47","modified_gmt":"2021-09-27T10:58:47","slug":"rum-clement-vieux-agricole-10-years-vol-42-cl-70","status":"publish","type":"product","link":"https:\/\/www.maebasinglecask.it\/en\/prodotto\/rum-clement-vieux-agricole-10-years-vol-42-cl-70\/","title":{"rendered":"Rum Cl\u00e8ment Vieux Agricole 10 Years Vol.42% Cl.70"},"content":{"rendered":"<p><img loading=\"lazy\" class=\"size-medium wp-image-1926\" src=\"http:\/\/www.maebasinglecask.it\/wp-content\/uploads\/2018\/02\/IMG_20180216_165055-225x300.jpg\" alt=\"\" width=\"225\" height=\"300\" srcset=\"https:\/\/www.maebasinglecask.it\/wp-content\/uploads\/2018\/02\/IMG_20180216_165055-225x300.jpg 225w, https:\/\/www.maebasinglecask.it\/wp-content\/uploads\/2018\/02\/IMG_20180216_165055-scaled-600x800.jpg 600w, https:\/\/www.maebasinglecask.it\/wp-content\/uploads\/2018\/02\/IMG_20180216_165055-768x1024.jpg 768w, https:\/\/www.maebasinglecask.it\/wp-content\/uploads\/2018\/02\/IMG_20180216_165055-scaled.jpg 1920w\" sizes=\"(max-width: 225px) 100vw, 225px\" \/><\/p>\n","protected":false},"excerpt":{"rendered":"<p>Rum Cl\u00e8ment Vieux Agricole 10 Years Vol.42% Cl.70 vieilli en f\u00fbts de ch\u00eane<\/p>\n<p>This Rum has patiently matured 10 years in oak barrels at Habitation Cl\u00e8ment<\/p>\n<p>Appellation Martinique Contr\u00f4l\u00e8e, Product of France<\/p>\n","protected":false},"featured_media":1926,"template":"","meta":[],"_links":{"self":[{"href":"https:\/\/www.maebasinglecask.it\/en\/wp-json\/wp\/v2\/product\/1961"}],"collection":[{"href":"https:\/\/www.maebasinglecask.it\/en\/wp-json\/wp\/v2\/product"}],"about":[{"href":"https:\/\/www.maebasinglecask.it\/en\/wp-json\/wp\/v2\/types\/product"}],"wp:featuredmedia":[{"embeddable":true,"href":"https:\/\/www.maebasinglecask.it\/en\/wp-json\/wp\/v2\/media\/1926"}],"wp:attachment":[{"href":"https:\/\/www.maebasinglecask.it\/en\/wp-json\/wp\/v2\/media?parent=1961"}],"curies":[{"name":"wp","href":"https:\/\/api.w.org\/{rel}","templated":true}]}}