{"id":4687,"date":"2020-11-06T17:47:13","date_gmt":"2020-11-06T16:47:13","guid":{"rendered":"https:\/\/www.maebasinglecask.it\/?post_type=product&#038;p=4687"},"modified":"2020-12-01T09:29:30","modified_gmt":"2020-12-01T08:29:30","slug":"gin-pigskin-london-dry-gin-vol-40-cl-70-silvio-carta","status":"publish","type":"product","link":"https:\/\/www.maebasinglecask.it\/en\/prodotto\/gin-pigskin-london-dry-gin-vol-40-cl-70-silvio-carta\/","title":{"rendered":"Gin PigSkin London Dry Gin vol 40% cl 70 &#8211; Silvio Carta"},"content":{"rendered":"<figure id=\"attachment_4688\" aria-describedby=\"caption-attachment-4688\" style=\"width: 225px\" class=\"wp-caption alignnone\"><img loading=\"lazy\" class=\"size-medium wp-image-4688\" src=\"https:\/\/www.maebasinglecask.it\/wp-content\/uploads\/2020\/11\/IMG_20201106_122527-225x300.jpg\" alt=\"\" width=\"225\" height=\"300\" srcset=\"https:\/\/www.maebasinglecask.it\/wp-content\/uploads\/2020\/11\/IMG_20201106_122527-225x300.jpg 225w, https:\/\/www.maebasinglecask.it\/wp-content\/uploads\/2020\/11\/IMG_20201106_122527-scaled-600x800.jpg 600w, https:\/\/www.maebasinglecask.it\/wp-content\/uploads\/2020\/11\/IMG_20201106_122527-768x1024.jpg 768w, https:\/\/www.maebasinglecask.it\/wp-content\/uploads\/2020\/11\/IMG_20201106_122527-scaled.jpg 1920w\" sizes=\"(max-width: 225px) 100vw, 225px\" \/><figcaption id=\"caption-attachment-4688\" class=\"wp-caption-text\">mde<\/figcaption><\/figure>\n","protected":false},"excerpt":{"rendered":"<p>Gin PigSkin London Dry Gin vol 40% cl 70 &#8211; Silvio Carta<\/p>\n<p>Fedele e passionale. Pigskin Silver \u00e8 un gin affascinante come il mediterraneo che in s\u00e9 racchiude. \u00c8 fresco e speziato. Morbido, rotondo e balsamico. Un gin di grande esperienza che non delude mai.<\/p>\n<p>Botaniche:\u00a0Elicriso, Finocchietto Selvatico, Foglie di Mirto,\u00a0Ginepro Coccolone, Lentisco, Salvia Desoleana, Scorza di Limone, Timo, Thyme, Prickly juniper<\/p>\n","protected":false},"featured_media":4688,"template":"","meta":[],"_links":{"self":[{"href":"https:\/\/www.maebasinglecask.it\/en\/wp-json\/wp\/v2\/product\/4687"}],"collection":[{"href":"https:\/\/www.maebasinglecask.it\/en\/wp-json\/wp\/v2\/product"}],"about":[{"href":"https:\/\/www.maebasinglecask.it\/en\/wp-json\/wp\/v2\/types\/product"}],"wp:featuredmedia":[{"embeddable":true,"href":"https:\/\/www.maebasinglecask.it\/en\/wp-json\/wp\/v2\/media\/4688"}],"wp:attachment":[{"href":"https:\/\/www.maebasinglecask.it\/en\/wp-json\/wp\/v2\/media?parent=4687"}],"curies":[{"name":"wp","href":"https:\/\/api.w.org\/{rel}","templated":true}]}}