{"id":4792,"date":"2020-11-16T18:06:18","date_gmt":"2020-11-16T17:06:18","guid":{"rendered":"https:\/\/www.maebasinglecask.it\/?post_type=product&#038;p=4792"},"modified":"2020-12-01T09:28:09","modified_gmt":"2020-12-01T08:28:09","slug":"gin-hendricks-cl-70-vol-44","status":"publish","type":"product","link":"https:\/\/www.maebasinglecask.it\/en\/prodotto\/gin-hendricks-cl-70-vol-44\/","title":{"rendered":"Gin Hendrick&#8217;s cl 70 vol 44%"},"content":{"rendered":"<figure id=\"attachment_4793\" aria-describedby=\"caption-attachment-4793\" style=\"width: 225px\" class=\"wp-caption alignnone\"><img loading=\"lazy\" class=\"size-medium wp-image-4793\" src=\"https:\/\/www.maebasinglecask.it\/wp-content\/uploads\/2020\/11\/IMG_20201113_152356-225x300.jpg\" alt=\"\" width=\"225\" height=\"300\" srcset=\"https:\/\/www.maebasinglecask.it\/wp-content\/uploads\/2020\/11\/IMG_20201113_152356-225x300.jpg 225w, https:\/\/www.maebasinglecask.it\/wp-content\/uploads\/2020\/11\/IMG_20201113_152356-scaled-600x800.jpg 600w, https:\/\/www.maebasinglecask.it\/wp-content\/uploads\/2020\/11\/IMG_20201113_152356-768x1024.jpg 768w, https:\/\/www.maebasinglecask.it\/wp-content\/uploads\/2020\/11\/IMG_20201113_152356-scaled.jpg 1920w\" sizes=\"(max-width: 225px) 100vw, 225px\" \/><figcaption id=\"caption-attachment-4793\" class=\"wp-caption-text\">mde<\/figcaption><\/figure>\n","protected":false},"excerpt":{"rendered":"<p>Gin Hendrick&#8217;s cl 70 vol 44%<\/p>\n<p>L\u2019Hendrick\u2019s Gin \u00e8 il risultato della combinazione di due gin. Uno prodotto con un alambicco Carter-Head , l\u2019altro in un piccolo alambicco costruito nel 1860 dalla casa produttrice Bennett, Sons &amp; Shears. Sono due metodi di distillazione molto diversi che producono gin estremamente differenti.<\/p>\n<p>Le 2 botaniche \u00a0vengono fatte macerare per circa 24 ore prima di passare nell\u2019alambicco Bennett. Detta semplicemente vengono fatte bollire e messe direttamente nello spirito cos\u00ec da infondergli la maggior parte delle caratteristiche aromatiche.<\/p>\n<p>Tutte le botaniche utilizzate nel Carter-Head sono aggiunte in un cestello in cima al distillatore. Non vengono n\u00e9 fatte macerate n\u00e9 bollire, ma vengono come cotte al vapore cos\u00ec da estrarre solamente gli aromi pi\u00f9 leggeri, dolci e floreali.<\/p>\n<p>Entrambe le distillazioni richiedono 12 ore di tempo. Una volta uniti i due spiriti, vengono aggiunti il cetriolo e l\u2019essenza di rose prima dell\u2019aggiunta di acqua e dell\u2019imbottigliamento.<\/p>\n","protected":false},"featured_media":4793,"template":"","meta":[],"_links":{"self":[{"href":"https:\/\/www.maebasinglecask.it\/en\/wp-json\/wp\/v2\/product\/4792"}],"collection":[{"href":"https:\/\/www.maebasinglecask.it\/en\/wp-json\/wp\/v2\/product"}],"about":[{"href":"https:\/\/www.maebasinglecask.it\/en\/wp-json\/wp\/v2\/types\/product"}],"wp:featuredmedia":[{"embeddable":true,"href":"https:\/\/www.maebasinglecask.it\/en\/wp-json\/wp\/v2\/media\/4793"}],"wp:attachment":[{"href":"https:\/\/www.maebasinglecask.it\/en\/wp-json\/wp\/v2\/media?parent=4792"}],"curies":[{"name":"wp","href":"https:\/\/api.w.org\/{rel}","templated":true}]}}