{"id":4818,"date":"2020-11-19T12:57:58","date_gmt":"2020-11-19T11:57:58","guid":{"rendered":"https:\/\/www.maebasinglecask.it\/?post_type=product&#038;p=4818"},"modified":"2021-11-30T23:00:09","modified_gmt":"2021-11-30T22:00:09","slug":"gin-nordes-atlantics-galician-cl-70-vol-40","status":"publish","type":"product","link":"https:\/\/www.maebasinglecask.it\/en\/prodotto\/gin-nordes-atlantics-galician-cl-70-vol-40\/","title":{"rendered":"Gin Nord\u00e9s Atlantics Galician cl 70 vol 40%"},"content":{"rendered":"<figure id=\"attachment_4819\" aria-describedby=\"caption-attachment-4819\" style=\"width: 225px\" class=\"wp-caption alignnone\"><img loading=\"lazy\" class=\"size-medium wp-image-4819\" src=\"https:\/\/www.maebasinglecask.it\/wp-content\/uploads\/2020\/11\/IMG_20201119_115624-225x300.jpg\" alt=\"\" width=\"225\" height=\"300\" srcset=\"https:\/\/www.maebasinglecask.it\/wp-content\/uploads\/2020\/11\/IMG_20201119_115624-225x300.jpg 225w, https:\/\/www.maebasinglecask.it\/wp-content\/uploads\/2020\/11\/IMG_20201119_115624-scaled-600x800.jpg 600w, https:\/\/www.maebasinglecask.it\/wp-content\/uploads\/2020\/11\/IMG_20201119_115624-768x1024.jpg 768w, https:\/\/www.maebasinglecask.it\/wp-content\/uploads\/2020\/11\/IMG_20201119_115624-scaled.jpg 1920w\" sizes=\"(max-width: 225px) 100vw, 225px\" \/><figcaption id=\"caption-attachment-4819\" class=\"wp-caption-text\">dav<\/figcaption><\/figure>\n","protected":false},"excerpt":{"rendered":"<p>Gin Nord\u00e9s Atlantics Galician cl 70 vol 40%<\/p>\n<p>Il\u00a0<strong>Gin\u00a0 Nordes<\/strong>\u00a0proviene dalla Galizia (Spagna) ed \u00e8 prodotto dalle distillerie Atlantic Galician Spirits partendo da una lenta distillazione di uva albari\u00f1o, che viene miscelata con elementi botanici tradizionali. Si tratta di erbe dotate di grande personalit\u00e0: l&#8217;eleganza aspra dell&#8217;erba luigia, la freschezza dell&#8217;alloro, la brezza atlantica della salicornia marina, scorze di limone, qualche foglia di eucalipto e di salvia, un pizzico di menta. Ma anche ginepro, cardamomo, chinino, zenzero, ibisco, liquirizia, t\u00e8, tutte macerate rispettando i ritmi biodinamici, per dare vita ad un gin sorprendente, di carattere libero e ribelle.<\/p>\n","protected":false},"featured_media":4819,"template":"","meta":[],"_links":{"self":[{"href":"https:\/\/www.maebasinglecask.it\/en\/wp-json\/wp\/v2\/product\/4818"}],"collection":[{"href":"https:\/\/www.maebasinglecask.it\/en\/wp-json\/wp\/v2\/product"}],"about":[{"href":"https:\/\/www.maebasinglecask.it\/en\/wp-json\/wp\/v2\/types\/product"}],"wp:featuredmedia":[{"embeddable":true,"href":"https:\/\/www.maebasinglecask.it\/en\/wp-json\/wp\/v2\/media\/4819"}],"wp:attachment":[{"href":"https:\/\/www.maebasinglecask.it\/en\/wp-json\/wp\/v2\/media?parent=4818"}],"curies":[{"name":"wp","href":"https:\/\/api.w.org\/{rel}","templated":true}]}}