{"id":4823,"date":"2020-11-19T13:11:01","date_gmt":"2020-11-19T12:11:01","guid":{"rendered":"https:\/\/www.maebasinglecask.it\/?post_type=product&#038;p=4823"},"modified":"2022-11-23T18:52:41","modified_gmt":"2022-11-23T17:52:41","slug":"gin-roku-suntory-the-japanese-craft-gin-cl-70-vol-43","status":"publish","type":"product","link":"https:\/\/www.maebasinglecask.it\/en\/prodotto\/gin-roku-suntory-the-japanese-craft-gin-cl-70-vol-43\/","title":{"rendered":"Gin Roku Suntory The Japanese Craft Gin cl 70 vol 43%"},"content":{"rendered":"<figure id=\"attachment_4824\" aria-describedby=\"caption-attachment-4824\" style=\"width: 225px\" class=\"wp-caption alignnone\"><img loading=\"lazy\" class=\"size-medium wp-image-4824\" src=\"https:\/\/www.maebasinglecask.it\/wp-content\/uploads\/2020\/11\/IMG_20201119_114926-225x300.jpg\" alt=\"\" width=\"225\" height=\"300\" srcset=\"https:\/\/www.maebasinglecask.it\/wp-content\/uploads\/2020\/11\/IMG_20201119_114926-225x300.jpg 225w, https:\/\/www.maebasinglecask.it\/wp-content\/uploads\/2020\/11\/IMG_20201119_114926-scaled-600x800.jpg 600w, https:\/\/www.maebasinglecask.it\/wp-content\/uploads\/2020\/11\/IMG_20201119_114926-768x1024.jpg 768w, https:\/\/www.maebasinglecask.it\/wp-content\/uploads\/2020\/11\/IMG_20201119_114926-scaled.jpg 1920w\" sizes=\"(max-width: 225px) 100vw, 225px\" \/><figcaption id=\"caption-attachment-4824\" class=\"wp-caption-text\">dav<\/figcaption><\/figure>\n","protected":false},"excerpt":{"rendered":"<p>Gin Roku Suntory The Japanese Craft Gin cl 70 vol 43%<\/p>\n<p>Fiori di Sakura, foglia di Sakura, buccia di Yuzu, t\u00e8 Sencha (t\u00e8 verde), t\u00e8 Gyokuro (t\u00e8 verde raffinato) e pepe Sansh\u014d.<br \/>\nSei botaniche giapponesi coltivate in quattro stagioni,tutte accuratamente selezionati per creare Roku,\u00a0autentico\u00a0Gin artigianale Giapponese.<br \/>\nOgni botanica viene raccolta e distillata all&#8217;apice della stagione per estrarne i migliori sapori ed aromi.<br \/>\nIl raccolto delle quattro stagioni\u00a0viene poi miscelato per creare l&#8217;equilibrato sapore di Gin Roku.<\/p>\n","protected":false},"featured_media":4824,"template":"","meta":[],"_links":{"self":[{"href":"https:\/\/www.maebasinglecask.it\/en\/wp-json\/wp\/v2\/product\/4823"}],"collection":[{"href":"https:\/\/www.maebasinglecask.it\/en\/wp-json\/wp\/v2\/product"}],"about":[{"href":"https:\/\/www.maebasinglecask.it\/en\/wp-json\/wp\/v2\/types\/product"}],"wp:featuredmedia":[{"embeddable":true,"href":"https:\/\/www.maebasinglecask.it\/en\/wp-json\/wp\/v2\/media\/4824"}],"wp:attachment":[{"href":"https:\/\/www.maebasinglecask.it\/en\/wp-json\/wp\/v2\/media?parent=4823"}],"curies":[{"name":"wp","href":"https:\/\/api.w.org\/{rel}","templated":true}]}}