{"id":4853,"date":"2020-11-21T11:34:35","date_gmt":"2020-11-21T10:34:35","guid":{"rendered":"https:\/\/www.maebasinglecask.it\/?post_type=product&#038;p=4853"},"modified":"2020-12-01T09:26:56","modified_gmt":"2020-12-01T08:26:56","slug":"gin-tanqueray-london-dry-cl-100-vol-43-1","status":"publish","type":"product","link":"https:\/\/www.maebasinglecask.it\/en\/prodotto\/gin-tanqueray-london-dry-cl-100-vol-43-1\/","title":{"rendered":"Gin Tanqueray London Dry cl 100 vol 43.1%"},"content":{"rendered":"<figure id=\"attachment_4854\" aria-describedby=\"caption-attachment-4854\" style=\"width: 225px\" class=\"wp-caption alignnone\"><img loading=\"lazy\" class=\"size-medium wp-image-4854\" src=\"https:\/\/www.maebasinglecask.it\/wp-content\/uploads\/2020\/11\/IMG_20201119_100427-225x300.jpg\" alt=\"\" width=\"225\" height=\"300\" srcset=\"https:\/\/www.maebasinglecask.it\/wp-content\/uploads\/2020\/11\/IMG_20201119_100427-225x300.jpg 225w, https:\/\/www.maebasinglecask.it\/wp-content\/uploads\/2020\/11\/IMG_20201119_100427-scaled-600x800.jpg 600w, https:\/\/www.maebasinglecask.it\/wp-content\/uploads\/2020\/11\/IMG_20201119_100427-768x1024.jpg 768w, https:\/\/www.maebasinglecask.it\/wp-content\/uploads\/2020\/11\/IMG_20201119_100427-scaled.jpg 1920w\" sizes=\"(max-width: 225px) 100vw, 225px\" \/><figcaption id=\"caption-attachment-4854\" class=\"wp-caption-text\">dav<\/figcaption><\/figure>\n","protected":false},"excerpt":{"rendered":"<p>Gin Tanqueray London Dry cl 100 vol 43.1%<\/p>\n<p>In quanto London Dry ha un sapore netto e secco. Il ginepro \u00e8 predominante, ma \u00e8 un gin perfettamente bilanciato e armonioso. La mancanza di agrumi lo rende pi\u00f9 secco di altri gin, ma il coriandolo gli dona un profumo al limone. Il gin viene ancora prodotto a Camron Bridge (una delle distillerie pi\u00f9 grandi d\u2019Europa) secondo l\u2019antica ricetta, utilizzando addirittura ancora il metodo \u201cone shot\u201d.<\/p>\n","protected":false},"featured_media":4854,"template":"","meta":[],"_links":{"self":[{"href":"https:\/\/www.maebasinglecask.it\/en\/wp-json\/wp\/v2\/product\/4853"}],"collection":[{"href":"https:\/\/www.maebasinglecask.it\/en\/wp-json\/wp\/v2\/product"}],"about":[{"href":"https:\/\/www.maebasinglecask.it\/en\/wp-json\/wp\/v2\/types\/product"}],"wp:featuredmedia":[{"embeddable":true,"href":"https:\/\/www.maebasinglecask.it\/en\/wp-json\/wp\/v2\/media\/4854"}],"wp:attachment":[{"href":"https:\/\/www.maebasinglecask.it\/en\/wp-json\/wp\/v2\/media?parent=4853"}],"curies":[{"name":"wp","href":"https:\/\/api.w.org\/{rel}","templated":true}]}}