{"id":4857,"date":"2020-11-21T11:40:34","date_gmt":"2020-11-21T10:40:34","guid":{"rendered":"https:\/\/www.maebasinglecask.it\/?post_type=product&#038;p=4857"},"modified":"2020-12-01T09:26:51","modified_gmt":"2020-12-01T08:26:51","slug":"gin-kaikyo-135-east-hyogo-cl-70-vol-42","status":"publish","type":"product","link":"https:\/\/www.maebasinglecask.it\/en\/prodotto\/gin-kaikyo-135-east-hyogo-cl-70-vol-42\/","title":{"rendered":"Gin Kaikyo 135\u00b0 East Hyogo cl 70 vol 42%"},"content":{"rendered":"<figure id=\"attachment_4858\" aria-describedby=\"caption-attachment-4858\" style=\"width: 225px\" class=\"wp-caption alignnone\"><img loading=\"lazy\" class=\"size-medium wp-image-4858\" src=\"https:\/\/www.maebasinglecask.it\/wp-content\/uploads\/2020\/11\/IMG_20201114_100131-225x300.jpg\" alt=\"\" width=\"225\" height=\"300\" srcset=\"https:\/\/www.maebasinglecask.it\/wp-content\/uploads\/2020\/11\/IMG_20201114_100131-225x300.jpg 225w, https:\/\/www.maebasinglecask.it\/wp-content\/uploads\/2020\/11\/IMG_20201114_100131-scaled-600x800.jpg 600w, https:\/\/www.maebasinglecask.it\/wp-content\/uploads\/2020\/11\/IMG_20201114_100131-768x1024.jpg 768w, https:\/\/www.maebasinglecask.it\/wp-content\/uploads\/2020\/11\/IMG_20201114_100131-scaled.jpg 1920w\" sizes=\"(max-width: 225px) 100vw, 225px\" \/><figcaption id=\"caption-attachment-4858\" class=\"wp-caption-text\">mde<\/figcaption><\/figure>\n","protected":false},"excerpt":{"rendered":"<p>Gin Kaikyo 135\u00b0 East Hyogo cl 70 vol 42%<\/p>\n<p>Dalla Kaikyo Distillery nella citt\u00e0 di Akashi, nasce 135 East Hyogo Dry Gin. 135 East \u00e8 uno small batch dry gin distillato utilizzando botaniche tipiche sia del Giappone che della tradizione inglese del London Dry Gin. Il risultato \u00e8 un gin perfettamente bilanciato, complesso e armonico che \u00e8 espressione della ricca cultura giapponese. Il Gin deve il suo nome al meridiano 135 che attraversa la citt\u00e0 di Akashi nella prefettura di Hyogo<\/p>\n","protected":false},"featured_media":4858,"template":"","meta":[],"_links":{"self":[{"href":"https:\/\/www.maebasinglecask.it\/en\/wp-json\/wp\/v2\/product\/4857"}],"collection":[{"href":"https:\/\/www.maebasinglecask.it\/en\/wp-json\/wp\/v2\/product"}],"about":[{"href":"https:\/\/www.maebasinglecask.it\/en\/wp-json\/wp\/v2\/types\/product"}],"wp:featuredmedia":[{"embeddable":true,"href":"https:\/\/www.maebasinglecask.it\/en\/wp-json\/wp\/v2\/media\/4858"}],"wp:attachment":[{"href":"https:\/\/www.maebasinglecask.it\/en\/wp-json\/wp\/v2\/media?parent=4857"}],"curies":[{"name":"wp","href":"https:\/\/api.w.org\/{rel}","templated":true}]}}