{"id":4861,"date":"2020-11-21T11:53:14","date_gmt":"2020-11-21T10:53:14","guid":{"rendered":"https:\/\/www.maebasinglecask.it\/?post_type=product&#038;p=4861"},"modified":"2020-12-01T09:26:46","modified_gmt":"2020-12-01T08:26:46","slug":"gin-berto-gatto-nero-stupisce-vol-43-cl-70-old-tom-gin","status":"publish","type":"product","link":"https:\/\/www.maebasinglecask.it\/en\/prodotto\/gin-berto-gatto-nero-stupisce-vol-43-cl-70-old-tom-gin\/","title":{"rendered":"Gin Berto Il Gatto Nero Che Stupisce vol 43% cl 70 \u2013 Old Tom Gin"},"content":{"rendered":"<figure id=\"attachment_4862\" aria-describedby=\"caption-attachment-4862\" style=\"width: 225px\" class=\"wp-caption alignnone\"><img loading=\"lazy\" class=\"size-medium wp-image-4862\" src=\"https:\/\/www.maebasinglecask.it\/wp-content\/uploads\/2020\/11\/IMG_20201114_100050-225x300.jpg\" alt=\"\" width=\"225\" height=\"300\" srcset=\"https:\/\/www.maebasinglecask.it\/wp-content\/uploads\/2020\/11\/IMG_20201114_100050-225x300.jpg 225w, https:\/\/www.maebasinglecask.it\/wp-content\/uploads\/2020\/11\/IMG_20201114_100050-scaled-600x800.jpg 600w, https:\/\/www.maebasinglecask.it\/wp-content\/uploads\/2020\/11\/IMG_20201114_100050-768x1024.jpg 768w, https:\/\/www.maebasinglecask.it\/wp-content\/uploads\/2020\/11\/IMG_20201114_100050-scaled.jpg 1920w\" sizes=\"(max-width: 225px) 100vw, 225px\" \/><figcaption id=\"caption-attachment-4862\" class=\"wp-caption-text\">dav<\/figcaption><\/figure>\n","protected":false},"excerpt":{"rendered":"<p>Gin Berto Il Gatto Nero Che Stupisce vol 43% cl 70 \u2013 Old Tom Gin<\/p>\n<p>L&#8217;Old Tom Gin era una ricetta popolare nella Gran Bretagna del 18\u00b0 secolo. Quasi scomparso in tempi recenti ha fatto il suo ritorno grazie alla rinascita dei &#8220;Craft Cocktail&#8221; ed \u00e8 leggermente pi\u00f9 dolce rispetto al London Dry Gin. B\u00e8rto, insieme all&#8217;Antica Distilleria Quaglia, ha reintrodotto l&#8217;Old Tom Gin nel 2017, fra le sue botaniche troviamo ginepro, sambuco, salvia, assenzio, rosa, vaniglia e cacao.<\/p>\n","protected":false},"featured_media":4862,"template":"","meta":[],"_links":{"self":[{"href":"https:\/\/www.maebasinglecask.it\/en\/wp-json\/wp\/v2\/product\/4861"}],"collection":[{"href":"https:\/\/www.maebasinglecask.it\/en\/wp-json\/wp\/v2\/product"}],"about":[{"href":"https:\/\/www.maebasinglecask.it\/en\/wp-json\/wp\/v2\/types\/product"}],"wp:featuredmedia":[{"embeddable":true,"href":"https:\/\/www.maebasinglecask.it\/en\/wp-json\/wp\/v2\/media\/4862"}],"wp:attachment":[{"href":"https:\/\/www.maebasinglecask.it\/en\/wp-json\/wp\/v2\/media?parent=4861"}],"curies":[{"name":"wp","href":"https:\/\/api.w.org\/{rel}","templated":true}]}}