{"id":4865,"date":"2020-11-21T11:56:27","date_gmt":"2020-11-21T10:56:27","guid":{"rendered":"https:\/\/www.maebasinglecask.it\/?post_type=product&#038;p=4865"},"modified":"2020-12-01T09:26:41","modified_gmt":"2020-12-01T08:26:41","slug":"gin-sharish-blue-magic-vol-40-cl-50-the-colour-changing-gin","status":"publish","type":"product","link":"https:\/\/www.maebasinglecask.it\/en\/prodotto\/gin-sharish-blue-magic-vol-40-cl-50-the-colour-changing-gin\/","title":{"rendered":"Gin Sharish Blue Magic vol 40% cl 50 \u2013 The colour changing gin"},"content":{"rendered":"<figure id=\"attachment_4866\" aria-describedby=\"caption-attachment-4866\" style=\"width: 225px\" class=\"wp-caption alignnone\"><img loading=\"lazy\" class=\"size-medium wp-image-4866\" src=\"https:\/\/www.maebasinglecask.it\/wp-content\/uploads\/2020\/11\/IMG_20201113_154931-225x300.jpg\" alt=\"\" width=\"225\" height=\"300\" srcset=\"https:\/\/www.maebasinglecask.it\/wp-content\/uploads\/2020\/11\/IMG_20201113_154931-225x300.jpg 225w, https:\/\/www.maebasinglecask.it\/wp-content\/uploads\/2020\/11\/IMG_20201113_154931-scaled-600x800.jpg 600w, https:\/\/www.maebasinglecask.it\/wp-content\/uploads\/2020\/11\/IMG_20201113_154931-768x1024.jpg 768w, https:\/\/www.maebasinglecask.it\/wp-content\/uploads\/2020\/11\/IMG_20201113_154931-scaled.jpg 1920w\" sizes=\"(max-width: 225px) 100vw, 225px\" \/><figcaption id=\"caption-attachment-4866\" class=\"wp-caption-text\">dav<\/figcaption><\/figure>\n","protected":false},"excerpt":{"rendered":"<p><strong>Gin Sharish Blue Magic vol 40% cl 50 \u2013 The colour changing gin<\/strong><\/p>\n<p>In questa bottiglia\u00a0si trovano le botaniche che normalmente contraddistinguono la versione classica di questo gin, con l\u2019aggiunta di un ingrediente in pi\u00f9 che fa la differenza: il fiore del nome Clitoria Ternatea che fornisce al gin la sua tonalit\u00e0 blu senza la necessit\u00e0 di alcuna colorazione artificiale. Secondo il produttore, questo Gin ha un \u201ctocco magico\u201d. Quando si aggiunge acqua tonica e si mescolano entrambi i liquidi si trasformer\u00e0 in una tonalit\u00e0 rosa chiaro.<\/p>\n","protected":false},"featured_media":4866,"template":"","meta":[],"_links":{"self":[{"href":"https:\/\/www.maebasinglecask.it\/en\/wp-json\/wp\/v2\/product\/4865"}],"collection":[{"href":"https:\/\/www.maebasinglecask.it\/en\/wp-json\/wp\/v2\/product"}],"about":[{"href":"https:\/\/www.maebasinglecask.it\/en\/wp-json\/wp\/v2\/types\/product"}],"wp:featuredmedia":[{"embeddable":true,"href":"https:\/\/www.maebasinglecask.it\/en\/wp-json\/wp\/v2\/media\/4866"}],"wp:attachment":[{"href":"https:\/\/www.maebasinglecask.it\/en\/wp-json\/wp\/v2\/media?parent=4865"}],"curies":[{"name":"wp","href":"https:\/\/api.w.org\/{rel}","templated":true}]}}